{"id":26701,"date":"2010-08-14T14:33:40","date_gmt":"2010-08-14T18:33:40","guid":{"rendered":"https:\/\/www.origamispirit.com\/acerca-de\/"},"modified":"2024-09-10T14:31:01","modified_gmt":"2024-09-10T18:31:01","slug":"acerca-de","status":"publish","type":"page","link":"https:\/\/www.origamispirit.com\/es\/acerca-de\/","title":{"rendered":"\u00a1Bienvenido a Origami Spirit!"},"content":{"rendered":"<div class=\"wp-block-image\">\n<figure class=\"alignright size-full is-resized\"><img loading=\"lazy\" decoding=\"async\" width=\"500\" height=\"485\" src=\"https:\/\/www.origamispirit.com\/wp-content\/uploads\/2022\/05\/leyla_torres_2021_500_rd.png\" alt=\"\" class=\"wp-image-22790\" style=\"width:231px;height:224px\" srcset=\"https:\/\/www.origamispirit.com\/wp-content\/uploads\/2022\/05\/leyla_torres_2021_500_rd.png 500w, https:\/\/www.origamispirit.com\/wp-content\/uploads\/2022\/05\/leyla_torres_2021_500_rd-225x218.png 225w\" sizes=\"auto, (max-width: 500px) 100vw, 500px\" \/><\/figure>\n<\/div>\n<p>\u00a1Saludos de Leyla Torres, tu anfitriona en Origami Spirit!<\/p>\n\n<p>Ayudo a los adultos a dominar el arte del origami para que puedan compartirlo con los ni\u00f1os y transformar el tiempo de pantalla en tiempo creativo y recuerdos felices.<\/p>\n\n<p><a href=\"https:\/\/www.origamispirit.com\/es\/2010\/08\/diez-razones-para-practicar-el-origami\/\">Practicar el origami tiene muchos beneficios<\/a>, pero, seg\u00fan mi experiencia, una de las razones m\u00e1s importantes para plegar papel es que conecta a personas de todas las edades de una forma significativa y l\u00fadica.<\/p>\n\n<ul class=\"wp-block-list\">\n<li>Los padres y abuelos pueden doblar papel con sus hijos y crear recuerdos inolvidables.<\/li>\n\n\n\n<li>Los profesores pueden utilizar el origami para fomentar la creatividad, demostrar c\u00f3mo seguir instrucciones y relacionarlo con el lenguaje, las matem\u00e1ticas y el arte.<\/li>\n<\/ul>\n\n<p><strong>\u00bfC\u00f3mo puedes disfrutar de Origami Spirit?<\/strong><\/p>\n\n<ul class=\"wp-block-list\">\n<li>Encontrar\u00e1s una gran selecci\u00f3n de <a href=\"https:\/\/www.origamispirit.com\/es\/videos-con-instrucciones-para-hacer-origami\/\" data-type=\"page\" data-id=\"3521\">videotutoriales de origami f\u00e1ciles de seguir<\/a>.<\/li>\n\n\n\n<li>Si eres principiante, te invitamos <a href=\"https:\/\/www.origamispirit.com\/es\/suscribirse-siete-tutoriales\/#sign-up\">a seguir nuestro Minicurso GRATUITO de papiroflexia.<\/a><\/li>\n\n\n\n<li>A lo largo del a\u00f1o, programamos Secciones de Plegado en Directo Online. <a href=\"https:\/\/www.origamispirit.com\/es\/suscribirse-siete-tutoriales\/#sign-up\">Recibe invitaciones GRATUITAS en tu bandeja de entrada<\/a>, inscribi\u00e9ndote <a href=\"https:\/\/www.origamispirit.com\/es\/suscribirse-siete-tutoriales\/#sign-up\">AQU\u00cd<\/a>.<\/li>\n\n\n\n<li>Para ver lo que otras personas est\u00e1n plegando, <a href=\"https:\/\/www.facebook.com\/groups\/origamispiritfans\">\u00fanete a nuestro Grupo de Facebook Origami Spirit<\/a>.<\/li>\n\n\n\n<li>Para una experiencia de origami m\u00e1s profunda y extendida, \u00fanete a <a href=\"https:\/\/www.origamispiritmembership.com\/origamigos-a-membership-for-paper-folders\/\">Origamigos<\/a>, la Membres\u00eda de OrigamiSpirit.<\/li>\n<\/ul>\n\n<p>\u00a1Nos encantar\u00eda saber de ti! No dude en enviarnos <a href=\"https:\/\/www.origamispirit.com\/es\/contacte-con\/\" target=\"_blank\" rel=\"noreferrer noopener\">una nota<\/a> con preguntas, comentarios o deseos de posibles instrucciones de v\u00eddeo de origami.<\/p>\n\n<h2 class=\"wp-block-heading has-background\" style=\"background-color:#fbe47b\"><strong>Conoce al equipo de Origami Spirit<\/strong><\/h2>\n<div class=\"wp-block-image\">\n<figure class=\"alignleft is-resized\"><a href=\"https:\/\/www.origamispirit.com\/wp-content\/uploads\/2013\/12\/leyla-greetings-2013.jpg\"><img loading=\"lazy\" decoding=\"async\" width=\"500\" height=\"613\" src=\"https:\/\/www.origamispirit.com\/wp-content\/uploads\/2013\/12\/leyla-greetings-2013.jpg\" alt=\"leyla-saludos-2013\" class=\"wp-image-11975\" style=\"width:178px;height:218px\" srcset=\"https:\/\/www.origamispirit.com\/wp-content\/uploads\/2013\/12\/leyla-greetings-2013.jpg 500w, https:\/\/www.origamispirit.com\/wp-content\/uploads\/2013\/12\/leyla-greetings-2013-184x225.jpg 184w, https:\/\/www.origamispirit.com\/wp-content\/uploads\/2013\/12\/leyla-greetings-2013-245x300.jpg 245w\" sizes=\"auto, (max-width: 500px) 100vw, 500px\" \/><\/a><\/figure>\n<\/div>\n<p><strong>Leyla Torres<\/strong> Leyla es una galardonada profesora y dise\u00f1adora de origami.\nLleva compartiendo y ense\u00f1ando origami desde 1988 y es bloguera de origami y creadora de v\u00eddeos desde 2007.  Es miembro de Origami USA y de la British Origami Society.<\/p>\n\n<p>Leyla ha impartido talleres de plegado de papel, <a href=\"https:\/\/www.origamispirit.com\/origami-classes\/\">clases<\/a> presenciales y <a href=\"https:\/\/www.origamispirit.com\/origami-classes\/\">en l\u00ednea<\/a> para j\u00f3venes y mayores, en convenciones internacionales de origami, bibliotecas, escuelas y empresas de Estados Unidos, Europa y Sudam\u00e9rica.<\/p>\n\n<p>Adem\u00e1s de ense\u00f1ar origami, Leyla es artista visual y escritora. Puedes ver sus acuarelas y libros infantiles publicados en <a href=\"http:\/\/www.leylatorres.com\">LeylaTorres.com<\/a>.  <\/p>\n\n<p>Leyla naci\u00f3 en Bogot\u00e1, Colombia, y vivi\u00f3 muchos a\u00f1os en Nueva York.\nActualmente vive en Arlington, una peque\u00f1a ciudad del pintoresco estado de Vermont. <\/p>\n\n<div style=\"height:27px\" aria-hidden=\"true\" class=\"wp-block-spacer\"><\/div>\n<div class=\"wp-block-image\">\n<figure class=\"alignleft is-resized\"><img loading=\"lazy\" decoding=\"async\" width=\"300\" height=\"353\" src=\"https:\/\/www.origamispirit.com\/wp-content\/uploads\/2010\/08\/john-Sutton-origami-spirit1.jpg\" alt=\"john-Sutton-origami-spirit\" class=\"wp-image-12283\" style=\"width:179px;height:211px\" srcset=\"https:\/\/www.origamispirit.com\/wp-content\/uploads\/2010\/08\/john-Sutton-origami-spirit1.jpg 300w, https:\/\/www.origamispirit.com\/wp-content\/uploads\/2010\/08\/john-Sutton-origami-spirit1-191x225.jpg 191w, https:\/\/www.origamispirit.com\/wp-content\/uploads\/2010\/08\/john-Sutton-origami-spirit1-255x300.jpg 255w\" sizes=\"auto, (max-width: 300px) 100vw, 300px\" \/><\/figure>\n<\/div>\n<p>John <strong>Sutton<\/strong> El marido de Leyla, John Sutton, hace hermosas fotograf\u00edas y es el experto en tecnolog\u00eda web, el hombre de las ideas creativas y el editor de Origami Spirit. Haga clic aqu\u00ed para visitar el <a href=\"https:\/\/www.instagram.com\/john.sutton\/\">feed de Instagram de John<\/a>.<\/p>\n\n<p>&#8220;<em>Participar en un acto creativo y en el acto comunitario de compartir es una potente bendici\u00f3n. Conocer nuestra experiencia a trav\u00e9s de la curiosidad y la exploraci\u00f3n, ejercer nuestros dones creativos a trav\u00e9s de la percepci\u00f3n y la expresi\u00f3n es acoger lo sagrado. Hacer im\u00e1genes y ser un creador cosecha preciosos frutos. Es una celebraci\u00f3n de la vida. Es una herramienta, un medio para un fin, no el fin en s\u00ed mismo.<\/em>&#8221; ~John Sutton.<\/p>\n\n<div style=\"height:27px\" aria-hidden=\"true\" class=\"wp-block-spacer\"><\/div>\n<div class=\"wp-block-image\">\n<figure class=\"alignleft size-full is-resized\"><img loading=\"lazy\" decoding=\"async\" width=\"600\" height=\"600\" src=\"https:\/\/www.origamispirit.com\/wp-content\/uploads\/2024\/08\/Coco_origami_star_of_gratitude.jpg\" alt=\"\" class=\"wp-image-36638\" style=\"width:179px;height:auto\" srcset=\"https:\/\/www.origamispirit.com\/wp-content\/uploads\/2024\/08\/Coco_origami_star_of_gratitude.jpg 600w, https:\/\/www.origamispirit.com\/wp-content\/uploads\/2024\/08\/Coco_origami_star_of_gratitude-225x225.jpg 225w, https:\/\/www.origamispirit.com\/wp-content\/uploads\/2024\/08\/Coco_origami_star_of_gratitude-100x100.jpg 100w\" sizes=\"auto, (max-width: 600px) 100vw, 600px\" \/><\/figure>\n<\/div>\n<p>Coco <strong>(alias Coraz\u00f3n)<\/strong> Coco apareci\u00f3 en nuestra puerta en noviembre de 2012, pregunt\u00e1ndonos si pod\u00eda ayudarnos con las pruebas de &#8220;jugabilidad&#8221; de los modelos de origami. Hemos dicho que s\u00ed.<\/p>\n\n<p>Adem\u00e1s de ser una presencia y una compa\u00f1\u00eda encantadora en el estudio de origami, Coco es una gran fuente de inspiraci\u00f3n. Ha aparecido en varios de nuestros posts y v\u00eddeos y adora a sus fans de todo el mundo.<\/p>\n\n<p><a href=\"https:\/\/www.origamispirit.com\/es\/contacte-con\/\" data-type=\"page\" data-id=\"25\">Saluda a Coco<\/a>, \u00a1le encantan las cartas de los fans!<\/p>\n\n<div style=\"height:20px\" aria-hidden=\"true\" class=\"wp-block-spacer\"><\/div>\n\n<p>Si te gusta lo que encuentras aqu\u00ed, <a href=\"https:\/\/www.origamispirit.com\/es\/suscribirse-siete-tutoriales\/\">suscr\u00edbete a Origami Spirit<\/a> y recibir\u00e1s actualizaciones puntuales en tu buz\u00f3n de correo electr\u00f3nico. Tambi\u00e9n puede seguirnos en <a href=\"https:\/\/www.facebook.com\/OrigamiSpirit\">Origami Spirit Facebook<\/a> e <a href=\"https:\/\/www.instagram.com\/leylaltorres\/\">Instagram<\/a>.<\/p>\n<div class=\"wp-block-image\">\n<figure class=\"aligncenter size-full\"><img loading=\"lazy\" decoding=\"async\" width=\"800\" height=\"308\" src=\"https:\/\/www.origamispirit.com\/wp-content\/uploads\/2024\/08\/Coco_origami_santa.jpg\" alt=\"\" class=\"wp-image-36648\" srcset=\"https:\/\/www.origamispirit.com\/wp-content\/uploads\/2024\/08\/Coco_origami_santa.jpg 800w, https:\/\/www.origamispirit.com\/wp-content\/uploads\/2024\/08\/Coco_origami_santa-225x87.jpg 225w, https:\/\/www.origamispirit.com\/wp-content\/uploads\/2024\/08\/Coco_origami_santa-768x296.jpg 768w\" sizes=\"auto, (max-width: 800px) 100vw, 800px\" \/><\/figure>\n<\/div>\n<p><\/p>\n","protected":false},"excerpt":{"rendered":"<p>\u00a1Saludos de Leyla Torres, tu anfitriona en Origami Spirit! Ayudo a los adultos a dominar el arte del origami para que puedan compartirlo con los ni\u00f1os y transformar el tiempo de pantalla en tiempo creativo y recuerdos felices. Practicar el origami tiene muchos beneficios, pero, seg\u00fan mi experiencia, una de las razones m\u00e1s importantes para &#8230; <a title=\"\u00a1Bienvenido a Origami Spirit!\" class=\"read-more\" href=\"https:\/\/www.origamispirit.com\/es\/acerca-de\/\" aria-label=\"Leer m\u00e1s sobre \u00a1Bienvenido a Origami Spirit!\">Leer m\u00e1s<\/a><\/p>\n","protected":false},"author":7,"featured_media":0,"parent":0,"menu_order":1,"comment_status":"open","ping_status":"closed","template":"","meta":{"_coblocks_attr":"","_coblocks_dimensions":"","_coblocks_responsive_height":"","_coblocks_accordion_ie_support":"","_kad_blocks_custom_css":"","_kad_blocks_head_custom_js":"","_kad_blocks_body_custom_js":"","_kad_blocks_footer_custom_js":"","footnotes":""},"class_list":["post-26701","page","type-page","status-publish"],"taxonomy_info":[],"featured_image_src_large":false,"author_info":{"display_name":"Leyla Torres","author_link":"https:\/\/www.origamispirit.com\/es\/author\/leyla-torres\/"},"comment_info":0,"_links":{"self":[{"href":"https:\/\/www.origamispirit.com\/es\/wp-json\/wp\/v2\/pages\/26701","targetHints":{"allow":["GET"]}}],"collection":[{"href":"https:\/\/www.origamispirit.com\/es\/wp-json\/wp\/v2\/pages"}],"about":[{"href":"https:\/\/www.origamispirit.com\/es\/wp-json\/wp\/v2\/types\/page"}],"author":[{"embeddable":true,"href":"https:\/\/www.origamispirit.com\/es\/wp-json\/wp\/v2\/users\/7"}],"replies":[{"embeddable":true,"href":"https:\/\/www.origamispirit.com\/es\/wp-json\/wp\/v2\/comments?post=26701"}],"version-history":[{"count":0,"href":"https:\/\/www.origamispirit.com\/es\/wp-json\/wp\/v2\/pages\/26701\/revisions"}],"wp:attachment":[{"href":"https:\/\/www.origamispirit.com\/es\/wp-json\/wp\/v2\/media?parent=26701"}],"curies":[{"name":"wp","href":"https:\/\/api.w.org\/{rel}","templated":true}]}}