{"id":26715,"date":"2012-02-20T13:56:36","date_gmt":"2012-02-20T18:56:36","guid":{"rendered":"https:\/\/www.origamispirit.com\/ayude-a-apoyar-a-origami-spirit\/"},"modified":"2025-11-16T13:15:51","modified_gmt":"2025-11-16T18:15:51","slug":"apoyar-a-origami-spirit","status":"publish","type":"page","link":"https:\/\/www.origamispirit.com\/es\/apoyar-a-origami-spirit\/","title":{"rendered":"Apoya a Origami Spirit con un donativo o hazte miembro"},"content":{"rendered":"\n<p>Para apoyar a Origami Spirit, puedes hacer una contribuci\u00f3n \u00fanica o mensual, o hacerte miembro Tu generosidad nos ayudar\u00e1 con los gastos generales y a mantener nuestros tutoriales y recursos de origami gratuitos para ti y para todos los que accedan a este sitio web.<\/p>\n\n<div style=\"height:20px\" aria-hidden=\"true\" class=\"wp-block-spacer\"><\/div>\n<style>.wp-block-kadence-advancedbtn.kb-btns7311_bc853b-21{gap:var(--global-kb-gap-xs, 0.5rem );justify-content:center;align-items:center;}.kt-btns7311_bc853b-21 .kt-button{font-weight:normal;font-style:normal;}.kt-btns7311_bc853b-21 .kt-btn-wrap-0{margin-right:5px;}.wp-block-kadence-advancedbtn.kt-btns7311_bc853b-21 .kt-btn-wrap-0 .kt-button{color:#555555;border-color:#555555;}.wp-block-kadence-advancedbtn.kt-btns7311_bc853b-21 .kt-btn-wrap-0 .kt-button:hover, .wp-block-kadence-advancedbtn.kt-btns7311_bc853b-21 .kt-btn-wrap-0 .kt-button:focus{color:#ffffff;border-color:#444444;}.wp-block-kadence-advancedbtn.kt-btns7311_bc853b-21 .kt-btn-wrap-0 .kt-button::before{display:none;}.wp-block-kadence-advancedbtn.kt-btns7311_bc853b-21 .kt-btn-wrap-0 .kt-button:hover, .wp-block-kadence-advancedbtn.kt-btns7311_bc853b-21 .kt-btn-wrap-0 .kt-button:focus{background:#444444;}<\/style>\n<div class=\"wp-block-kadence-advancedbtn kb-buttons-wrap kb-btns7311_bc853b-21\"><style>.wp-block-kadence-advancedbtn .kb-btn7311_5dc625-da.kb-button, ul.menu .wp-block-kadence-advancedbtn .kb-btn7311_5dc625-da.kb-button{width:433px;}.wp-block-kadence-advancedbtn .kb-btn7311_5dc625-da.kb-button{background:#e68118;}.wp-block-kadence-advancedbtn .kb-btn7311_5dc625-da.kb-button:hover, .wp-block-kadence-advancedbtn .kb-btn7311_5dc625-da.kb-button:focus{background:#e68118;}<\/style><a class=\"kb-button kt-button button kb-btn7311_5dc625-da kt-btn-size-standard kt-btn-width-type-fixed kb-btn-global-fill  kt-btn-has-text-true kt-btn-has-svg-false  wp-block-kadence-singlebtn\" href=\"https:\/\/www.origamispiritmembership.com\/origamigos-a-membership-for-paper-folders\/\"><span class=\"kt-btn-inner-text\">HAZTE MIEMBRO<\/span><\/a><\/div>\n\n<div style=\"height:20px\" aria-hidden=\"true\" class=\"wp-block-spacer\"><\/div>\n<style>.wp-block-kadence-advancedbtn.kb-btns7311_b77d69-2d{gap:var(--global-kb-gap-xs, 0.5rem );justify-content:center;align-items:center;}.kt-btns7311_b77d69-2d .kt-button{font-weight:normal;font-style:normal;}.kt-btns7311_b77d69-2d .kt-btn-wrap-0{margin-right:5px;}.wp-block-kadence-advancedbtn.kt-btns7311_b77d69-2d .kt-btn-wrap-0 .kt-button{color:#555555;border-color:#555555;}.wp-block-kadence-advancedbtn.kt-btns7311_b77d69-2d .kt-btn-wrap-0 .kt-button:hover, .wp-block-kadence-advancedbtn.kt-btns7311_b77d69-2d .kt-btn-wrap-0 .kt-button:focus{color:#ffffff;border-color:#444444;}.wp-block-kadence-advancedbtn.kt-btns7311_b77d69-2d .kt-btn-wrap-0 .kt-button::before{display:none;}.wp-block-kadence-advancedbtn.kt-btns7311_b77d69-2d .kt-btn-wrap-0 .kt-button:hover, .wp-block-kadence-advancedbtn.kt-btns7311_b77d69-2d .kt-btn-wrap-0 .kt-button:focus{background:#444444;}<\/style>\n<div class=\"wp-block-kadence-advancedbtn kb-buttons-wrap kb-btns7311_b77d69-2d\"><style>.wp-block-kadence-advancedbtn .kb-btn7311_e5054e-ea.kb-button, ul.menu .wp-block-kadence-advancedbtn .kb-btn7311_e5054e-ea.kb-button{width:433px;}.wp-block-kadence-advancedbtn .kb-btn7311_e5054e-ea.kb-button{background:#6fbf1f;}.wp-block-kadence-advancedbtn .kb-btn7311_e5054e-ea.kb-button:hover, .wp-block-kadence-advancedbtn .kb-btn7311_e5054e-ea.kb-button:focus{background:#6fbf1f;}<\/style><a class=\"kb-button kt-button button kb-btn7311_e5054e-ea kt-btn-size-standard kt-btn-width-type-fixed kb-btn-global-fill  kt-btn-has-text-true kt-btn-has-svg-false  wp-block-kadence-singlebtn\" href=\"https:\/\/erq231.infusionsoft.com\/app\/orderForms\/OrigamiSpiritDonation\" target=\"_blank\" rel=\"noreferrer noopener\"><span class=\"kt-btn-inner-text\">DONACI\u00d3N \u00daNICA &#8211; desde 5<\/span><\/a><\/div>\n\n<div style=\"height:20px\" aria-hidden=\"true\" class=\"wp-block-spacer\"><\/div>\n<style>.wp-block-kadence-advancedbtn.kb-btns7311_f360b6-51{gap:var(--global-kb-gap-xs, 0.5rem );justify-content:center;align-items:center;}.kt-btns7311_f360b6-51 .kt-button{font-weight:normal;font-style:normal;}.kt-btns7311_f360b6-51 .kt-btn-wrap-0{margin-right:5px;}.wp-block-kadence-advancedbtn.kt-btns7311_f360b6-51 .kt-btn-wrap-0 .kt-button{color:#555555;border-color:#555555;}.wp-block-kadence-advancedbtn.kt-btns7311_f360b6-51 .kt-btn-wrap-0 .kt-button:hover, .wp-block-kadence-advancedbtn.kt-btns7311_f360b6-51 .kt-btn-wrap-0 .kt-button:focus{color:#ffffff;border-color:#444444;}.wp-block-kadence-advancedbtn.kt-btns7311_f360b6-51 .kt-btn-wrap-0 .kt-button::before{display:none;}.wp-block-kadence-advancedbtn.kt-btns7311_f360b6-51 .kt-btn-wrap-0 .kt-button:hover, .wp-block-kadence-advancedbtn.kt-btns7311_f360b6-51 .kt-btn-wrap-0 .kt-button:focus{background:#444444;}<\/style>\n<div class=\"wp-block-kadence-advancedbtn kb-buttons-wrap kb-btns7311_f360b6-51\"><style>.wp-block-kadence-advancedbtn .kb-btn7311_6086b3-8c.kb-button, ul.menu .wp-block-kadence-advancedbtn .kb-btn7311_6086b3-8c.kb-button{width:433px;}.wp-block-kadence-advancedbtn .kb-btn7311_6086b3-8c.kb-button{color:var(--base-3);background:var(--accent);}.wp-block-kadence-advancedbtn .kb-btn7311_6086b3-8c.kb-button:hover, .wp-block-kadence-advancedbtn .kb-btn7311_6086b3-8c.kb-button:focus{background:var(--accent);}<\/style><a class=\"kb-button kt-button button kb-btn7311_6086b3-8c kt-btn-size-standard kt-btn-width-type-fixed kb-btn-global-fill  kt-btn-has-text-true kt-btn-has-svg-false  wp-block-kadence-singlebtn\" href=\"https:\/\/erq231.infusionsoft.com\/app\/orderForms\/DONATION-Recurring-Monthly\" target=\"_blank\" rel=\"noreferrer noopener\"><span class=\"kt-btn-inner-text\">DONACI\u00d3N MENSUAL &#8211; desde 2<\/span><\/a><\/div>\n\n<div style=\"height:40px\" aria-hidden=\"true\" class=\"wp-block-spacer\"><\/div>\n<div class=\"wp-block-image\">\n<figure class=\"aligncenter size-large\"><img loading=\"lazy\" decoding=\"async\" width=\"500\" height=\"500\" src=\"https:\/\/www.origamispirit.com\/wp-content\/uploads\/2015\/10\/origami-Colladge-500.jpg\" alt=\"Casa de origami, palomitas de origami, peces de origami,  \" class=\"wp-image-13512\" srcset=\"https:\/\/www.origamispirit.com\/wp-content\/uploads\/2015\/10\/origami-Colladge-500.jpg 500w, https:\/\/www.origamispirit.com\/wp-content\/uploads\/2015\/10\/origami-Colladge-500-225x225.jpg 225w, https:\/\/www.origamispirit.com\/wp-content\/uploads\/2015\/10\/origami-Colladge-500-100x100.jpg 100w, https:\/\/www.origamispirit.com\/wp-content\/uploads\/2015\/10\/origami-Colladge-500-300x300.jpg 300w, https:\/\/www.origamispirit.com\/wp-content\/uploads\/2015\/10\/origami-Colladge-500-150x150.jpg 150w\" sizes=\"auto, (max-width: 500px) 100vw, 500px\" \/><\/figure>\n<\/div>\n<div style=\"height:40px\" aria-hidden=\"true\" class=\"wp-block-spacer\"><\/div>\n\n<p class=\"has-small-font-size\"><em>Tu donativo voluntario de una sola vez o una donaci\u00f3n mensual recurrente nos ayudar\u00e1 a mantener nuestros tutoriales y recursos de origami gratuitos para todos los que accedan a este sitio web. Origami Spirit no es una organizaci\u00f3n 501(c)(3), y tu donaci\u00f3n no es deducible de impuestos. Los pagos se procesan de forma segura a trav\u00e9s de Stripe, y las donaciones no son reembolsables.  <\/em><\/p>\n\n<div style=\"height:10px\" aria-hidden=\"true\" class=\"wp-block-spacer\"><\/div>\n\n<p><\/p>\n","protected":false},"excerpt":{"rendered":"<p>Para apoyar a Origami Spirit, puedes hacer una contribuci\u00f3n \u00fanica o mensual, o hacerte miembro Tu generosidad nos ayudar\u00e1 con los gastos generales y a mantener nuestros tutoriales y recursos de origami gratuitos para ti y para todos los que accedan a este sitio web. Tu donativo voluntario de una sola vez o una donaci\u00f3n &#8230; <a title=\"Apoya a Origami Spirit con un donativo o hazte miembro\" class=\"read-more\" href=\"https:\/\/www.origamispirit.com\/es\/apoyar-a-origami-spirit\/\" aria-label=\"Leer m\u00e1s sobre Apoya a Origami Spirit con un donativo o hazte miembro\">Leer m\u00e1s<\/a><\/p>\n","protected":false},"author":7,"featured_media":0,"parent":0,"menu_order":0,"comment_status":"closed","ping_status":"open","template":"","meta":{"_coblocks_attr":"","_coblocks_dimensions":"","_coblocks_responsive_height":"","_coblocks_accordion_ie_support":"","_kad_blocks_custom_css":"","_kad_blocks_head_custom_js":"","_kad_blocks_body_custom_js":"","_kad_blocks_footer_custom_js":"","footnotes":""},"class_list":["post-26715","page","type-page","status-publish"],"taxonomy_info":[],"featured_image_src_large":false,"author_info":{"display_name":"Leyla Torres","author_link":"https:\/\/www.origamispirit.com\/es\/author\/leyla-torres\/"},"comment_info":0,"_links":{"self":[{"href":"https:\/\/www.origamispirit.com\/es\/wp-json\/wp\/v2\/pages\/26715","targetHints":{"allow":["GET"]}}],"collection":[{"href":"https:\/\/www.origamispirit.com\/es\/wp-json\/wp\/v2\/pages"}],"about":[{"href":"https:\/\/www.origamispirit.com\/es\/wp-json\/wp\/v2\/types\/page"}],"author":[{"embeddable":true,"href":"https:\/\/www.origamispirit.com\/es\/wp-json\/wp\/v2\/users\/7"}],"replies":[{"embeddable":true,"href":"https:\/\/www.origamispirit.com\/es\/wp-json\/wp\/v2\/comments?post=26715"}],"version-history":[{"count":0,"href":"https:\/\/www.origamispirit.com\/es\/wp-json\/wp\/v2\/pages\/26715\/revisions"}],"wp:attachment":[{"href":"https:\/\/www.origamispirit.com\/es\/wp-json\/wp\/v2\/media?parent=26715"}],"curies":[{"name":"wp","href":"https:\/\/api.w.org\/{rel}","templated":true}]}}