{"id":26760,"date":"2016-01-26T11:10:44","date_gmt":"2016-01-26T16:10:44","guid":{"rendered":"https:\/\/www.origamispirit.com\/ya-casi-lo-tienes-por-favor-confirme-su-correo-electronico\/"},"modified":"2022-07-19T11:10:46","modified_gmt":"2022-07-19T15:10:46","slug":"ya-casi-lo-tienes-por-favor-confirme-su-correo-electronico","status":"publish","type":"page","link":"https:\/\/www.origamispirit.com\/es\/ya-casi-lo-tienes-por-favor-confirme-su-correo-electronico\/","title":{"rendered":"\u00a1Ya casi lo tienes! Por favor, confirme su correo electr\u00f3nico"},"content":{"rendered":"<p><a href=\"https:\/\/www.origamispirit.com\/wp-content\/uploads\/2016\/01\/monkey-confirm-en-300.jpg\" rel=\"attachment wp-att-14339\"><img loading=\"lazy\" decoding=\"async\" class=\" wp-image-14339 alignleft\" src=\"https:\/\/www.origamispirit.com\/wp-content\/uploads\/2016\/01\/monkey-confirm-en-300.jpg\" alt=\"mono-confirmaci\u00f3n-es-300\" width=\"268\" height=\"268\" srcset=\"https:\/\/www.origamispirit.com\/wp-content\/uploads\/2016\/01\/monkey-confirm-en-300.jpg 300w, https:\/\/www.origamispirit.com\/wp-content\/uploads\/2016\/01\/monkey-confirm-en-300-225x225.jpg 225w, https:\/\/www.origamispirit.com\/wp-content\/uploads\/2016\/01\/monkey-confirm-en-300-100x100.jpg 100w, https:\/\/www.origamispirit.com\/wp-content\/uploads\/2016\/01\/monkey-confirm-en-300-150x150.jpg 150w\" sizes=\"auto, (max-width: 268px) 100vw, 268px\" \/><\/a><span style=\"color: #000000;\">En los pr\u00f3ximos minutos, deber\u00eda recibir un correo electr\u00f3nico con <strong>un enlace de confirmaci\u00f3n<\/strong>.<\/span><\/p>\n<p style=\"text-align: left;\"><span style=\"color: #000000;\">Esto es s\u00f3lo un procedimiento de seguridad para asegurarse de que nadie ha secuestrado su direcci\u00f3n de correo electr\u00f3nico, y s\u00f3lo lleva un momento.<\/span><\/p>\n<p><strong><span style=\"color: #000000;\">Revise su correo electr\u00f3nico y busque un mensaje que diga &#8220;Por favor, confirme para recibir la gu\u00eda de ense\u00f1anza&#8221;. Abra el mensaje y haga clic en el enlace de confirmaci\u00f3n.<\/span><\/strong><\/p>\n<p><span style=\"color: #000000;\">Una vez que haya confirmado, se le remitir\u00e1 autom\u00e1ticamente a la gu\u00eda did\u00e1ctica &#8220;Origami en el aula&#8221;. Gracias.<\/span><\/p>\n<p>&nbsp;<\/p>\n<p style=\"text-align: center;\">. . . . . . . . . . . . .<\/p>\n<p>&nbsp;<\/p>\n","protected":false},"excerpt":{"rendered":"<p>En los pr\u00f3ximos minutos, deber\u00eda recibir un correo electr\u00f3nico con un enlace de confirmaci\u00f3n. Esto es s\u00f3lo un procedimiento de seguridad para asegurarse de que nadie ha secuestrado su direcci\u00f3n de correo electr\u00f3nico, y s\u00f3lo lleva un momento. Revise su correo electr\u00f3nico y busque un mensaje que diga &#8220;Por favor, confirme para recibir la gu\u00eda &#8230; <a title=\"\u00a1Ya casi lo tienes! Por favor, confirme su correo electr\u00f3nico\" class=\"read-more\" href=\"https:\/\/www.origamispirit.com\/es\/ya-casi-lo-tienes-por-favor-confirme-su-correo-electronico\/\" aria-label=\"Leer m\u00e1s sobre \u00a1Ya casi lo tienes! Por favor, confirme su correo electr\u00f3nico\">Leer m\u00e1s<\/a><\/p>\n","protected":false},"author":7,"featured_media":0,"parent":0,"menu_order":0,"comment_status":"closed","ping_status":"closed","template":"","meta":{"_coblocks_attr":"","_coblocks_dimensions":"","_coblocks_responsive_height":"","_coblocks_accordion_ie_support":"","_kad_blocks_custom_css":"","_kad_blocks_head_custom_js":"","_kad_blocks_body_custom_js":"","_kad_blocks_footer_custom_js":"","footnotes":""},"class_list":["post-26760","page","type-page","status-publish"],"taxonomy_info":[],"featured_image_src_large":false,"author_info":{"display_name":"Leyla Torres","author_link":"https:\/\/www.origamispirit.com\/es\/author\/leyla-torres\/"},"comment_info":0,"_links":{"self":[{"href":"https:\/\/www.origamispirit.com\/es\/wp-json\/wp\/v2\/pages\/26760","targetHints":{"allow":["GET"]}}],"collection":[{"href":"https:\/\/www.origamispirit.com\/es\/wp-json\/wp\/v2\/pages"}],"about":[{"href":"https:\/\/www.origamispirit.com\/es\/wp-json\/wp\/v2\/types\/page"}],"author":[{"embeddable":true,"href":"https:\/\/www.origamispirit.com\/es\/wp-json\/wp\/v2\/users\/7"}],"replies":[{"embeddable":true,"href":"https:\/\/www.origamispirit.com\/es\/wp-json\/wp\/v2\/comments?post=26760"}],"version-history":[{"count":0,"href":"https:\/\/www.origamispirit.com\/es\/wp-json\/wp\/v2\/pages\/26760\/revisions"}],"wp:attachment":[{"href":"https:\/\/www.origamispirit.com\/es\/wp-json\/wp\/v2\/media?parent=26760"}],"curies":[{"name":"wp","href":"https:\/\/api.w.org\/{rel}","templated":true}]}}