{"id":26791,"date":"2022-05-05T13:08:31","date_gmt":"2022-05-05T17:08:31","guid":{"rendered":"https:\/\/www.origamispirit.com\/cual-es-el-mejor-papel-para-el-origami\/"},"modified":"2025-12-27T16:04:19","modified_gmt":"2025-12-27T21:04:19","slug":"cual-es-el-mejor-papel-para-el-origami","status":"publish","type":"page","link":"https:\/\/www.origamispirit.com\/es\/minicurso-de-origami-basico\/cual-es-el-mejor-papel-para-el-origami\/","title":{"rendered":"\u00bfCu\u00e1l es el mejor papel para el origami?"},"content":{"rendered":"\n<h3 class=\"has-text-align-center has-white-color has-black-background-color has-text-color has-background has-custom-transform wp-block-heading\" style=\"text-transform:uppercase\">Este es el primer v\u00eddeo de una serie de minicursos b\u00e1sicos de origami.  <\/h3>\n\n<div class=\"wp-block-fv-player-gutenberg-basic\"><div id=\"wpfp_1a1853db5450f69c215e8679c0354200\" data-item=\"{&quot;sources&quot;:[{&quot;src&quot;:&quot;https:\\\/\\\/origamispirit.s3.amazonaws.com\\\/Origami-Basics-Mini-Course\\\/01_Origami_Paper_Final.mp4&quot;,&quot;type&quot;:&quot;video\\\/mp4&quot;}],&quot;id&quot;:&quot;41&quot;,&quot;splash&quot;:&quot;https:\\\/\\\/www.origamispirit.com\\\/wp-content\\\/uploads\\\/2021\\\/05\\\/01-Origami-Papers-1024x576-1.jpeg&quot;}\" class=\"flowplayer no-brand is-splash is-paused skin-slim no-svg fp-slim fp-edgy\" data-button-rewind=\"1\" style=\"position:relative; max-width: 800px; max-height: 500px; \" data-ratio=\"0.625\" data-advance=\"false\">\n\t<div class=\"fp-ratio\" style=\"padding-top: 62.5%\"><\/div>\n\t<img decoding=\"async\" class=\"fp-splash\" alt=\"video\" src=\"https:\/\/www.origamispirit.com\/wp-content\/uploads\/2021\/05\/01-Origami-Papers-1024x576-1.jpeg\" style=\"position:absolute;top:0;width:100%\" \/>\n\t<div class=\"fp-ui\"><noscript>Please enable JavaScript<\/noscript><div class=\"fp-play fp-visible\"><svg class=\"fp-play-sharp-fill\" xmlns=\"http:\/\/www.w3.org\/2000\/svg\" viewBox=\"0 0 100 100\"><defs><style>.fp-color-play{opacity:0.65;}.controlbutton{fill:#fff;}<\/style><\/defs><title>play-sharp-fill<\/title><path class=\"fp-color-play\" d=\"M49.9217-.078a50,50,0,1,0,50,50A50.0564,50.0564,0,0,0,49.9217-.078Z\"\/><polygon class=\"controlbutton\" points=\"73.601 50 37.968 70.573 37.968 29.427 73.601 50\" filter=\"url(#f1)\"\/><\/svg><\/div><div class=\"fp-preload\"><b><\/b><b><\/b><b><\/b><b><\/b><\/div><\/div>\n\n<\/div>\n<\/div>\n\n<div style=\"height:20px\" aria-hidden=\"true\" class=\"wp-block-spacer\"><\/div>\n\n<p class=\"has-text-align-center has-medium-font-size\">  Si eres nuevo en el origami y quieres saber m\u00e1s sobre el resto del curso&#8230;<\/p>\n\n<p class=\"has-text-align-center has-white-color has-text-color has-background has-custom-transform\" style=\"background-color:#0071b3;text-transform:uppercase\"><a href=\"https:\/\/www.origamispiritmembership.com\/origamigos-basic-mini-course-full-version-offer\/\">Haga clic en este enlace para obtener informaci\u00f3n<\/a><\/p>\n\n<p class=\"has-text-align-center\">______________________<\/p>\n\n<p class=\"has-text-align-center\"><strong>EL MEJOR PAPEL PARA EL ORIGAMI<\/strong> <\/p>\n\n<p>Entre las primeras preguntas, las personas que se inician en la papiroflexia se preguntan: \u00bfCu\u00e1l es el mejor papel para hacer origami?<\/p>\n\n<p>Esta es una gran pregunta. B\u00e1sicamente, lo que quieres es utilizar un papel apropiado para el modelo que est\u00e1s doblando y esa elecci\u00f3n se reduce a esto:<\/p>\n\n<ul class=\"wp-block-list\"><li>Los modelos sencillos se pueden plegar con una amplia gama de papeles.<\/li><li>Los modelos m\u00e1s complejos requieren un papel m\u00e1s fino.<\/li><\/ul>\n\n<p><strong>QU\u00c9 TIPO DE PAPEL<\/strong><\/p>\n\n<p>Si eres nuevo en la papiroflexia o est\u00e1s aprendiendo un nuevo modelo, es preferible el papel de color s\u00f3lido al papel estampado. Esto se debe a que los colores s\u00f3lidos hacen que sea mucho m\u00e1s f\u00e1cil ver los pliegues y las pautas y patrones lo hacen mucho m\u00e1s dif\u00edcil.<\/p>\n\n<p>El papel Kami es un popular papel de origami comercial que est\u00e1 disponible en todo el mundo y viene en un surtido de cuadrados de colores que miden 6 x 6 pulgadas (15cm x 15cm). El papel Kami es la opci\u00f3n preferida de muchos practicantes de origami. Se encuentra en las tiendas de artesan\u00eda y suministros de arte y, por supuesto, se puede comprar en l\u00ednea. A continuaci\u00f3n se enumeran recursos y enlaces.<\/p>\n\n<p>Adem\u00e1s del papel Kami, tambi\u00e9n puedes experimentar con estos papeles:<\/p>\n\n<ul class=\"wp-block-list\"><li>Papel de oficina (perfecto para figuras sencillas y primeros esfuerzos)<\/li><li>Papel de regalo (se puede cortar a cualquier tama\u00f1o)<\/li><li>Vellum<\/li><li>Papel de cera<\/li><li>Papel de arroz<\/li><li>Papel de aluminio<\/li><li>Envoltorios de caramelos<\/li><li>Bolsas de papel para la compra<\/li><\/ul>\n\n<p>Aqu\u00ed tienes un consejo. Cuando salgo, siempre llevo conmigo una carpeta de pl\u00e1stico lo suficientemente grande como para guardar las muestras de papel interesantes que encuentro.<\/p>\n\n<p><strong>C\u00d3MO GUARDAR EL PAPEL<\/strong><\/p>\n\n<p>Cuando empieces a coleccionar m\u00e1s y m\u00e1s papel, es importante que lo guardes de forma que puedas ver -y encontrar- lo que tienes.<br\/>Yo organizo el papel en cajas -las cajas de zapatos funcionan bien- por tama\u00f1o y color. Las hojas grandes se guardan en un archivo plano. \u00a1Cr\u00e9eme lo importante que es organizar tu inventario de papel!<\/p>\n\n<p>En \u00faltima instancia, la respuesta a la pregunta sobre la elecci\u00f3n del mejor papel de origami vendr\u00e1 determinada por la complejidad de los modelos que se plieguen y por las preferencias personales de papel.<\/p>\n\n<p>No hay reglas, as\u00ed que experimenta y divi\u00e9rtete.<\/p>\n\n<p class=\"has-black-color has-text-color\"><strong>D\u00d3NDE ENCONTRAR PAPEL<\/strong><\/p>\n\n<p><a href=\"https:\/\/www.amazon.com\/shop\/origamispirit\/list\/62RVP1LG3C8E\">Tienda de Papel de Leyla<\/a><a href=\"https:\/\/www.amazon.com\/shop\/origamispirit\/list\/62RVP1LG3C8E\" target=\"_blank\" rel=\"noreferrer noopener\"> <\/a>&#8211; Afiliado de Amazon<br\/><a rel=\"noreferrer noopener\" href=\"https:\/\/origamiusa.org\/catalog\/paper\" target=\"_blank\">Origami USA<\/a> <br\/><a rel=\"noreferrer noopener\" href=\"https:\/\/www.origami-shop.com\/\" target=\"_blank\">Tienda de Origami &#8211; Francia<\/a><\/p>\n","protected":false},"excerpt":{"rendered":"<p>Este es el primer v\u00eddeo de una serie de minicursos b\u00e1sicos de origami. Si eres nuevo en el origami y quieres saber m\u00e1s sobre el resto del curso&#8230; Haga clic en este enlace para obtener informaci\u00f3n ______________________ EL MEJOR PAPEL PARA EL ORIGAMI Entre las primeras preguntas, las personas que se inician en la papiroflexia &#8230; <a title=\"\u00bfCu\u00e1l es el mejor papel para el origami?\" class=\"read-more\" href=\"https:\/\/www.origamispirit.com\/es\/minicurso-de-origami-basico\/cual-es-el-mejor-papel-para-el-origami\/\" aria-label=\"Leer m\u00e1s sobre \u00bfCu\u00e1l es el mejor papel para el origami?\">Leer m\u00e1s<\/a><\/p>\n","protected":false},"author":11,"featured_media":28930,"parent":26818,"menu_order":0,"comment_status":"closed","ping_status":"closed","template":"","meta":{"_coblocks_attr":"","_coblocks_dimensions":"","_coblocks_responsive_height":"","_coblocks_accordion_ie_support":"","_kad_blocks_custom_css":"","_kad_blocks_head_custom_js":"","_kad_blocks_body_custom_js":"","_kad_blocks_footer_custom_js":"","footnotes":""},"class_list":["post-26791","page","type-page","status-publish","has-post-thumbnail"],"taxonomy_info":[],"featured_image_src_large":["https:\/\/www.origamispirit.com\/wp-content\/uploads\/2023\/01\/origami-basics-mini-course.jpg",1024,576,false],"author_info":{"display_name":"John Sutton","author_link":"https:\/\/www.origamispirit.com\/es\/author\/john-sutton-ospirit\/"},"comment_info":0,"_links":{"self":[{"href":"https:\/\/www.origamispirit.com\/es\/wp-json\/wp\/v2\/pages\/26791","targetHints":{"allow":["GET"]}}],"collection":[{"href":"https:\/\/www.origamispirit.com\/es\/wp-json\/wp\/v2\/pages"}],"about":[{"href":"https:\/\/www.origamispirit.com\/es\/wp-json\/wp\/v2\/types\/page"}],"author":[{"embeddable":true,"href":"https:\/\/www.origamispirit.com\/es\/wp-json\/wp\/v2\/users\/11"}],"replies":[{"embeddable":true,"href":"https:\/\/www.origamispirit.com\/es\/wp-json\/wp\/v2\/comments?post=26791"}],"version-history":[{"count":0,"href":"https:\/\/www.origamispirit.com\/es\/wp-json\/wp\/v2\/pages\/26791\/revisions"}],"up":[{"embeddable":true,"href":"https:\/\/www.origamispirit.com\/es\/wp-json\/wp\/v2\/pages\/26818"}],"wp:featuredmedia":[{"embeddable":true,"href":"https:\/\/www.origamispirit.com\/es\/wp-json\/wp\/v2\/media\/28930"}],"wp:attachment":[{"href":"https:\/\/www.origamispirit.com\/es\/wp-json\/wp\/v2\/media?parent=26791"}],"curies":[{"name":"wp","href":"https:\/\/api.w.org\/{rel}","templated":true}]}}