{"id":35565,"date":"2024-03-07T15:58:41","date_gmt":"2024-03-07T20:58:41","guid":{"rendered":"https:\/\/www.origamispirit.com\/gracias\/"},"modified":"2025-01-10T12:38:09","modified_gmt":"2025-01-10T17:38:09","slug":"gracias","status":"publish","type":"page","link":"https:\/\/www.origamispirit.com\/es\/gracias\/","title":{"rendered":"\u00a1GRACIAS! &#8211; Tu formulario ha sido enviado"},"content":{"rendered":"\n<h1 class=\"wp-block-heading has-text-align-left has-text-color has-link-color wp-elements-963353d25f4c01a6119f132229ad25bd\" style=\"color:#c40000;font-size:25px\"><strong>\u00a1COMPRUEBA TU CORREO ELECTR\u00d3NICO!<\/strong><\/h1>\n\n<p>Se enviar\u00e1 informaci\u00f3n sobre los materiales necesarios para la sesi\u00f3n de plegado y un enlace a la sala de reuniones al correo electr\u00f3nico con el que te acabas de registrar.  <\/p>\n\n<p><\/p>\n\n<p><\/p>\n","protected":false},"excerpt":{"rendered":"<p>\u00a1COMPRUEBA TU CORREO ELECTR\u00d3NICO! Se enviar\u00e1 informaci\u00f3n sobre los materiales necesarios para la sesi\u00f3n de plegado y un enlace a la sala de reuniones al correo electr\u00f3nico con el que te acabas de registrar.<\/p>\n","protected":false},"author":11,"featured_media":0,"parent":0,"menu_order":0,"comment_status":"closed","ping_status":"closed","template":"","meta":{"_coblocks_attr":"","_coblocks_dimensions":"","_coblocks_responsive_height":"","_coblocks_accordion_ie_support":"","_kad_blocks_custom_css":"","_kad_blocks_head_custom_js":"","_kad_blocks_body_custom_js":"","_kad_blocks_footer_custom_js":"","footnotes":""},"class_list":["post-35565","page","type-page","status-publish"],"taxonomy_info":[],"featured_image_src_large":false,"author_info":{"display_name":"John Sutton","author_link":"https:\/\/www.origamispirit.com\/es\/author\/john-sutton-ospirit\/"},"comment_info":0,"_links":{"self":[{"href":"https:\/\/www.origamispirit.com\/es\/wp-json\/wp\/v2\/pages\/35565","targetHints":{"allow":["GET"]}}],"collection":[{"href":"https:\/\/www.origamispirit.com\/es\/wp-json\/wp\/v2\/pages"}],"about":[{"href":"https:\/\/www.origamispirit.com\/es\/wp-json\/wp\/v2\/types\/page"}],"author":[{"embeddable":true,"href":"https:\/\/www.origamispirit.com\/es\/wp-json\/wp\/v2\/users\/11"}],"replies":[{"embeddable":true,"href":"https:\/\/www.origamispirit.com\/es\/wp-json\/wp\/v2\/comments?post=35565"}],"version-history":[{"count":0,"href":"https:\/\/www.origamispirit.com\/es\/wp-json\/wp\/v2\/pages\/35565\/revisions"}],"wp:attachment":[{"href":"https:\/\/www.origamispirit.com\/es\/wp-json\/wp\/v2\/media?parent=35565"}],"curies":[{"name":"wp","href":"https:\/\/api.w.org\/{rel}","templated":true}]}}